{"id":11,"date":"2019-06-27T20:47:07","date_gmt":"2019-06-27T23:47:07","guid":{"rendered":"http:\/\/lulucirne.com\/?page_id=11"},"modified":"2024-07-30T17:45:31","modified_gmt":"2024-07-30T20:45:31","slug":"sobre-lulu","status":"publish","type":"page","link":"https:\/\/lulucirne.com\/es\/sobre-lulu\/","title":{"rendered":"Sobre Lulu"},"content":{"rendered":"<div data-elementor-type=\"wp-post\" data-elementor-id=\"11\" class=\"elementor elementor-11\" data-elementor-post-type=\"page\">\n\t\t\t\t<div class=\"elementor-element elementor-element-dacc238 e-flex e-con-boxed e-con e-parent\" data-id=\"dacc238\" data-element_type=\"container\" data-e-type=\"container\">\n\t\t\t\t\t<div class=\"e-con-inner\">\n\t\t<div class=\"elementor-element elementor-element-0849878 e-con-full e-flex e-con e-child\" data-id=\"0849878\" data-element_type=\"container\" data-e-type=\"container\">\n\t\t\t\t<div class=\"elementor-element elementor-element-ce9e67c elementor-invisible elementor-widget elementor-widget-image\" data-id=\"ce9e67c\" data-element_type=\"widget\" data-e-type=\"widget\" data-settings=\"{&quot;_animation&quot;:&quot;fadeInUp&quot;}\" data-widget_type=\"image.default\">\n\t\t\t\t<div class=\"elementor-widget-container\">\n\t\t\t\t\t\t\t\t\t\t\t\t\t\t\t<img fetchpriority=\"high\" decoding=\"async\" width=\"1280\" height=\"1481\" src=\"https:\/\/lulucirne.com\/wp-content\/uploads\/2024\/07\/c8bae16b5099d6b965b532cc_151221CH-689-e1721676233509.jpg\" class=\"attachment-full size-full wp-image-882\" alt=\"\" srcset=\"https:\/\/lulucirne.com\/wp-content\/uploads\/2024\/07\/c8bae16b5099d6b965b532cc_151221CH-689-e1721676233509.jpg 1280w, https:\/\/lulucirne.com\/wp-content\/uploads\/2024\/07\/c8bae16b5099d6b965b532cc_151221CH-689-e1721676233509-259x300.jpg 259w, https:\/\/lulucirne.com\/wp-content\/uploads\/2024\/07\/c8bae16b5099d6b965b532cc_151221CH-689-e1721676233509-885x1024.jpg 885w, https:\/\/lulucirne.com\/wp-content\/uploads\/2024\/07\/c8bae16b5099d6b965b532cc_151221CH-689-e1721676233509-768x889.jpg 768w, https:\/\/lulucirne.com\/wp-content\/uploads\/2024\/07\/c8bae16b5099d6b965b532cc_151221CH-689-e1721676233509-10x12.jpg 10w\" sizes=\"(max-width: 1280px) 100vw, 1280px\" \/>\t\t\t\t\t\t\t\t\t\t\t\t\t\t\t<\/div>\n\t\t\t\t<\/div>\n\t\t\t\t<\/div>\n\t\t<div class=\"elementor-element elementor-element-1279418 e-con-full e-flex e-con e-child\" data-id=\"1279418\" data-element_type=\"container\" data-e-type=\"container\">\n\t\t\t\t<div class=\"elementor-element elementor-element-b8e5ef0 elementor-invisible elementor-widget elementor-widget-heading\" data-id=\"b8e5ef0\" data-element_type=\"widget\" data-e-type=\"widget\" data-settings=\"{&quot;_animation&quot;:&quot;fadeInUp&quot;}\" data-widget_type=\"heading.default\">\n\t\t\t\t<div class=\"elementor-widget-container\">\n\t\t\t\t\t<h2 class=\"elementor-heading-title elementor-size-default\">Lulu Cirne<\/h2>\t\t\t\t<\/div>\n\t\t\t\t<\/div>\n\t\t\t\t<div class=\"elementor-element elementor-element-50eb4b8 elementor-invisible elementor-widget elementor-widget-heading\" data-id=\"50eb4b8\" data-element_type=\"widget\" data-e-type=\"widget\" data-settings=\"{&quot;_animation&quot;:&quot;fadeInUp&quot;}\" data-widget_type=\"heading.default\">\n\t\t\t\t<div class=\"elementor-widget-container\">\n\t\t\t\t\t<h2 class=\"elementor-heading-title elementor-size-default\">Psicologia | Yoga | Mindfulness<\/h2>\t\t\t\t<\/div>\n\t\t\t\t<\/div>\n\t\t\t\t<div class=\"elementor-element elementor-element-4a3f8bc elementor-invisible elementor-widget elementor-widget-text-editor\" data-id=\"4a3f8bc\" data-element_type=\"widget\" data-e-type=\"widget\" data-settings=\"{&quot;_animation&quot;:&quot;fadeInUp&quot;}\" data-widget_type=\"text-editor.default\">\n\t\t\t\t<div class=\"elementor-widget-container\">\n\t\t\t\t\t\t\t\t\t<p>Soy psic\u00f3loga cl\u00ednica dedicada al tratamiento de pacientes adultos, ni\u00f1os y adolescentes, especializada en trastornos de depresi\u00f3n y ansiedad. A lo largo de mi carrera, he desarrollado habilidades y m\u00e9todos integradores que no solo abordan los s\u00edntomas, sino que tambi\u00e9n promueven una recuperaci\u00f3n sostenible y profunda.<\/p><p>Mi formaci\u00f3n incluye un diplomado en Mindfulness y psicoterapia, con aplicaci\u00f3n pr\u00e1ctica en Psicolog\u00eda Comunitaria, especialmente con ni\u00f1os en situaci\u00f3n de vulnerabilidad. Esta experiencia me ha permitido utilizar herramientas de atenci\u00f3n plena para facilitar la regulaci\u00f3n emocional y el autoconocimiento en mis pacientes.<\/p>\t\t\t\t\t\t\t\t<\/div>\n\t\t\t\t<\/div>\n\t\t\t\t<\/div>\n\t\t\t\t\t<\/div>\n\t\t\t\t<\/div>\n\t\t<div class=\"elementor-element elementor-element-14d64f2 e-flex e-con-boxed e-con e-parent\" data-id=\"14d64f2\" data-element_type=\"container\" data-e-type=\"container\">\n\t\t\t\t\t<div class=\"e-con-inner\">\n\t\t\t\t<div class=\"elementor-element elementor-element-9faf2a9 elementor-widget-divider--separator-type-pattern elementor-widget-divider--view-line elementor-invisible elementor-widget elementor-widget-divider\" data-id=\"9faf2a9\" data-element_type=\"widget\" data-e-type=\"widget\" data-settings=\"{&quot;_animation&quot;:&quot;fadeInUp&quot;}\" data-widget_type=\"divider.default\">\n\t\t\t\t<div class=\"elementor-widget-container\">\n\t\t\t\t\t\t\t<div class=\"elementor-divider\" style=\"--divider-pattern-url: url(&quot;data:image\/svg+xml,%3Csvg xmlns=&#039;http:\/\/www.w3.org\/2000\/svg&#039; preserveAspectRatio=&#039;none&#039; overflow=&#039;visible&#039; height=&#039;100%&#039; viewBox=&#039;0 0 24 24&#039; fill=&#039;none&#039; stroke=&#039;black&#039; stroke-width=&#039;1.5&#039; stroke-linecap=&#039;square&#039; stroke-miterlimit=&#039;10&#039;%3E%3Cpath d=&#039;M0,21c3.3,0,8.3-0.9,15.7-7.1c6.6-5.4,4.4-9.3,2.4-10.3c-3.4-1.8-7.7,1.3-7.3,8.8C11.2,20,17.1,21,24,21&#039;\/%3E%3C\/svg%3E&quot;);\">\n\t\t\t<span class=\"elementor-divider-separator\">\n\t\t\t\t\t\t<\/span>\n\t\t<\/div>\n\t\t\t\t\t\t<\/div>\n\t\t\t\t<\/div>\n\t\t\t\t\t<\/div>\n\t\t\t\t<\/div>\n\t\t<div class=\"elementor-element elementor-element-6ae138d e-flex e-con-boxed e-con e-parent\" data-id=\"6ae138d\" data-element_type=\"container\" data-e-type=\"container\">\n\t\t\t\t\t<div class=\"e-con-inner\">\n\t\t<div class=\"elementor-element elementor-element-8397b97 e-con-full e-flex e-con e-child\" data-id=\"8397b97\" data-element_type=\"container\" data-e-type=\"container\">\n\t\t\t\t<div class=\"elementor-element elementor-element-e3079aa elementor-invisible elementor-widget elementor-widget-text-editor\" data-id=\"e3079aa\" data-element_type=\"widget\" data-e-type=\"widget\" data-settings=\"{&quot;_animation&quot;:&quot;fadeInUp&quot;}\" data-widget_type=\"text-editor.default\">\n\t\t\t\t<div class=\"elementor-widget-container\">\n\t\t\t\t\t\t\t\t\t<p>Como instructora de yoga y especialista en t\u00e9cnicas de meditaci\u00f3n, incorporo pr\u00e1cticas de bienestar que fortalecen el desarrollo personal y emocional. Mi enfoque hol\u00edstico se ve enriquecido por mi formaci\u00f3n en terapia de Reiki, lo cual me permite ofrecer una perspectiva integral y transpersonal del paciente, abordando no solo su mente, sino tambi\u00e9n su cuerpo y esp\u00edritu.<\/p>\t\t\t\t\t\t\t\t<\/div>\n\t\t\t\t<\/div>\n\t\t\t\t<\/div>\n\t\t<div class=\"elementor-element elementor-element-4441955 e-con-full e-flex e-con e-child\" data-id=\"4441955\" data-element_type=\"container\" data-e-type=\"container\">\n\t\t\t\t<div class=\"elementor-element elementor-element-fdcd934 elementor-invisible elementor-widget elementor-widget-text-editor\" data-id=\"fdcd934\" data-element_type=\"widget\" data-e-type=\"widget\" data-settings=\"{&quot;_animation&quot;:&quot;fadeInUp&quot;}\" data-widget_type=\"text-editor.default\">\n\t\t\t\t<div class=\"elementor-widget-container\">\n\t\t\t\t\t\t\t\t\t<p>Adem\u00e1s, como consultora de salud y bienestar con conocimientos en nutrici\u00f3n integral, ayudo a mis pacientes a alcanzar sus objetivos de salud, explorando las ra\u00edces psicol\u00f3gicas de sus h\u00e1bitos y promoviendo cambios duraderos en su estilo de vida. Mi modelo de terapia anal\u00edtica se enfoca en descubrir los aspectos m\u00e1s inconscientes de la conducta, facilitando cambios profundos y transformadores en la vida de mis pacientes.<\/p>\t\t\t\t\t\t\t\t<\/div>\n\t\t\t\t<\/div>\n\t\t\t\t<\/div>\n\t\t\t\t\t<\/div>\n\t\t\t\t<\/div>\n\t\t<div class=\"elementor-element elementor-element-4fa1da2 e-flex e-con-boxed e-con e-parent\" data-id=\"4fa1da2\" data-element_type=\"container\" data-e-type=\"container\">\n\t\t\t\t\t<div class=\"e-con-inner\">\n\t\t\t\t<div class=\"elementor-element elementor-element-98e3a0e elementor-widget-divider--separator-type-pattern elementor-widget-divider--view-line elementor-invisible elementor-widget elementor-widget-divider\" data-id=\"98e3a0e\" data-element_type=\"widget\" data-e-type=\"widget\" data-settings=\"{&quot;_animation&quot;:&quot;fadeInUp&quot;}\" data-widget_type=\"divider.default\">\n\t\t\t\t<div class=\"elementor-widget-container\">\n\t\t\t\t\t\t\t<div class=\"elementor-divider\" style=\"--divider-pattern-url: url(&quot;data:image\/svg+xml,%3Csvg xmlns=&#039;http:\/\/www.w3.org\/2000\/svg&#039; preserveAspectRatio=&#039;none&#039; overflow=&#039;visible&#039; height=&#039;100%&#039; viewBox=&#039;0 0 24 24&#039; fill=&#039;none&#039; stroke=&#039;black&#039; stroke-width=&#039;1.5&#039; stroke-linecap=&#039;square&#039; stroke-miterlimit=&#039;10&#039;%3E%3Cpath d=&#039;M0,21c3.3,0,8.3-0.9,15.7-7.1c6.6-5.4,4.4-9.3,2.4-10.3c-3.4-1.8-7.7,1.3-7.3,8.8C11.2,20,17.1,21,24,21&#039;\/%3E%3C\/svg%3E&quot;);\">\n\t\t\t<span class=\"elementor-divider-separator\">\n\t\t\t\t\t\t<\/span>\n\t\t<\/div>\n\t\t\t\t\t\t<\/div>\n\t\t\t\t<\/div>\n\t\t\t\t\t<\/div>\n\t\t\t\t<\/div>\n\t\t<div class=\"elementor-element elementor-element-cd3b3ed e-flex e-con-boxed e-con e-parent\" data-id=\"cd3b3ed\" data-element_type=\"container\" data-e-type=\"container\">\n\t\t\t\t\t<div class=\"e-con-inner\">\n\t\t<div class=\"elementor-element elementor-element-0b36568 e-con-full e-flex e-con e-child\" data-id=\"0b36568\" data-element_type=\"container\" data-e-type=\"container\">\n\t\t\t\t<div class=\"elementor-element elementor-element-fd770c7 elementor-invisible elementor-widget elementor-widget-text-editor\" data-id=\"fd770c7\" data-element_type=\"widget\" data-e-type=\"widget\" data-settings=\"{&quot;_animation&quot;:&quot;fadeInUp&quot;}\" data-widget_type=\"text-editor.default\">\n\t\t\t\t<div class=\"elementor-widget-container\">\n\t\t\t\t\t\t\t\t\t<p>Habiendo pasado a\u00f1os de mi vida trabajando en las artes, como bailarina y luego como cantante profesional, hoy puedo guiar a mis pacientes y estudiantes de yoga a descubrir lo que realmente los hace felices y as\u00ed trazar un rumbo en busca de vivir una vida m\u00e1s plena.<\/p><p>En febrero y marzo de 2024 hice una inmersi\u00f3n en la meditaci\u00f3n y el yoga en la India y hoy incorporo a mi pr\u00e1ctica un modelo que nos permite reconocer las influencias sociales y culturales en nuestras creencias y comportamientos, as\u00ed como una conexi\u00f3n profunda con la expansi\u00f3n de la conciencia, revelando la verdadera esencia del ser de cada persona.\u00a0<\/p>\t\t\t\t\t\t\t\t<\/div>\n\t\t\t\t<\/div>\n\t\t\t\t<\/div>\n\t\t<div class=\"elementor-element elementor-element-087963f e-con-full e-flex e-con e-child\" data-id=\"087963f\" data-element_type=\"container\" data-e-type=\"container\">\n\t\t\t\t<div class=\"elementor-element elementor-element-3037d9b elementor-invisible elementor-widget elementor-widget-image\" data-id=\"3037d9b\" data-element_type=\"widget\" data-e-type=\"widget\" data-settings=\"{&quot;_animation&quot;:&quot;fadeInUp&quot;}\" data-widget_type=\"image.default\">\n\t\t\t\t<div class=\"elementor-widget-container\">\n\t\t\t\t\t\t\t\t\t\t\t\t\t\t\t<img decoding=\"async\" width=\"1280\" height=\"1526\" src=\"https:\/\/lulucirne.com\/wp-content\/uploads\/2024\/07\/a9f0e633a6a2e7095e1cf24a_151221CH-1972-e1721851126427.jpg\" class=\"attachment-full size-full wp-image-913\" alt=\"Lulu Cirne\" srcset=\"https:\/\/lulucirne.com\/wp-content\/uploads\/2024\/07\/a9f0e633a6a2e7095e1cf24a_151221CH-1972-e1721851126427.jpg 1280w, https:\/\/lulucirne.com\/wp-content\/uploads\/2024\/07\/a9f0e633a6a2e7095e1cf24a_151221CH-1972-e1721851126427-252x300.jpg 252w, https:\/\/lulucirne.com\/wp-content\/uploads\/2024\/07\/a9f0e633a6a2e7095e1cf24a_151221CH-1972-e1721851126427-859x1024.jpg 859w, https:\/\/lulucirne.com\/wp-content\/uploads\/2024\/07\/a9f0e633a6a2e7095e1cf24a_151221CH-1972-e1721851126427-768x916.jpg 768w, https:\/\/lulucirne.com\/wp-content\/uploads\/2024\/07\/a9f0e633a6a2e7095e1cf24a_151221CH-1972-e1721851126427-10x12.jpg 10w\" sizes=\"(max-width: 1280px) 100vw, 1280px\" \/>\t\t\t\t\t\t\t\t\t\t\t\t\t\t\t<\/div>\n\t\t\t\t<\/div>\n\t\t\t\t<\/div>\n\t\t\t\t\t<\/div>\n\t\t\t\t<\/div>\n\t\t<div class=\"elementor-element elementor-element-c1c7557 e-flex e-con-boxed e-con e-parent\" data-id=\"c1c7557\" data-element_type=\"container\" data-e-type=\"container\">\n\t\t\t\t\t<div class=\"e-con-inner\">\n\t\t\t\t<div class=\"elementor-element elementor-element-db2f144 elementor-widget-divider--separator-type-pattern elementor-widget-divider--view-line elementor-invisible elementor-widget elementor-widget-divider\" data-id=\"db2f144\" data-element_type=\"widget\" data-e-type=\"widget\" data-settings=\"{&quot;_animation&quot;:&quot;fadeInUp&quot;}\" data-widget_type=\"divider.default\">\n\t\t\t\t<div class=\"elementor-widget-container\">\n\t\t\t\t\t\t\t<div class=\"elementor-divider\" style=\"--divider-pattern-url: url(&quot;data:image\/svg+xml,%3Csvg xmlns=&#039;http:\/\/www.w3.org\/2000\/svg&#039; preserveAspectRatio=&#039;none&#039; overflow=&#039;visible&#039; height=&#039;100%&#039; viewBox=&#039;0 0 24 24&#039; fill=&#039;none&#039; stroke=&#039;black&#039; stroke-width=&#039;1.5&#039; stroke-linecap=&#039;square&#039; stroke-miterlimit=&#039;10&#039;%3E%3Cpath d=&#039;M0,21c3.3,0,8.3-0.9,15.7-7.1c6.6-5.4,4.4-9.3,2.4-10.3c-3.4-1.8-7.7,1.3-7.3,8.8C11.2,20,17.1,21,24,21&#039;\/%3E%3C\/svg%3E&quot;);\">\n\t\t\t<span class=\"elementor-divider-separator\">\n\t\t\t\t\t\t<\/span>\n\t\t<\/div>\n\t\t\t\t\t\t<\/div>\n\t\t\t\t<\/div>\n\t\t\t\t\t<\/div>\n\t\t\t\t<\/div>\n\t\t<div class=\"elementor-element elementor-element-2f294a6 e-flex e-con-boxed e-con e-parent\" data-id=\"2f294a6\" data-element_type=\"container\" data-e-type=\"container\">\n\t\t\t\t\t<div class=\"e-con-inner\">\n\t\t\t\t<div class=\"elementor-element elementor-element-e087f37 elementor-cta--skin-cover elementor-cta--valign-middle elementor-animated-content elementor-bg-transform elementor-bg-transform-zoom-in elementor-invisible elementor-widget elementor-widget-call-to-action\" data-id=\"e087f37\" data-element_type=\"widget\" data-e-type=\"widget\" data-settings=\"{&quot;_animation&quot;:&quot;fadeInUp&quot;}\" data-widget_type=\"call-to-action.default\">\n\t\t\t\t<div class=\"elementor-widget-container\">\n\t\t\t\t\t\t\t<a class=\"elementor-cta\" href=\"https:\/\/wa.me\/5571999486105\" target=\"_blank\">\n\t\t\t\t\t<div class=\"elementor-cta__bg-wrapper\">\n\t\t\t\t<div class=\"elementor-cta__bg elementor-bg\" style=\"background-image: url();\" role=\"img\" aria-label=\"\"><\/div>\n\t\t\t\t<div class=\"elementor-cta__bg-overlay\"><\/div>\n\t\t\t<\/div>\n\t\t\t\t\t\t\t<div class=\"elementor-cta__content\">\n\t\t\t\t\n\t\t\t\t\n\t\t\t\t\t\t\t\t\t<div class=\"elementor-cta__description elementor-cta__content-item elementor-content-item elementor-animated-item--grow\">\n\t\t\t\t\t\tEstoy comprometida con el desarrollo personal y el bienestar integral de cada individuo, ofreciendo un espacio seguro y acogedor para la transformaci\u00f3n y el crecimiento personal.\n\t\t\t\t\t<\/div>\n\t\t\t\t\n\t\t\t\t\t\t\t\t\t<div class=\"elementor-cta__button-wrapper elementor-cta__content-item elementor-content-item elementor-animated-item--grow\">\n\t\t\t\t\t<span class=\"elementor-cta__button elementor-button elementor-size-\">\n\t\t\t\t\t\tAgenda tu consulta!\t\t\t\t\t<\/span>\n\t\t\t\t\t<\/div>\n\t\t\t\t\t\t\t<\/div>\n\t\t\t\t\t\t<\/a>\n\t\t\t\t\t\t<\/div>\n\t\t\t\t<\/div>\n\t\t\t\t\t<\/div>\n\t\t\t\t<\/div>\n\t\t\t\t<\/div>","protected":false},"excerpt":{"rendered":"<p>Lulu Cirne Psicologia | Yoga | Mindfulness Sou psic\u00f3loga cl\u00ednica dedicada ao tratamento de pacientes adultos, crian\u00e7as e adolescentes, com especializa\u00e7\u00e3o em depress\u00e3o e transtornos de ansiedade. Ao longo da minha carreira, desenvolvi compet\u00eancias e m\u00e9todos integrativos que n\u00e3o s\u00f3 abordam os sintomas, mas tamb\u00e9m promovem uma recupera\u00e7\u00e3o profunda e sustent\u00e1vel. A minha forma\u00e7\u00e3o inclui [&hellip;]<\/p>\n","protected":false},"author":1,"featured_media":0,"parent":0,"menu_order":0,"comment_status":"closed","ping_status":"closed","template":"elementor_header_footer","meta":{"footnotes":""},"class_list":["post-11","page","type-page","status-publish","hentry"],"yoast_head":"<!-- This site is optimized with the Yoast SEO plugin v27.4 - https:\/\/yoast.com\/product\/yoast-seo-wordpress\/ -->\n<title>Sobre Lulu - Lulu Cirne<\/title>\n<meta name=\"description\" content=\"Saiba mais sobre Lulu Cirne, Psicoterapia, Yoga e Mindfulness. Acesse para obter mais informa\u00e7\u00f5es e marcar a sua sess\u00e3o!\" \/>\n<meta name=\"robots\" content=\"index, follow, max-snippet:-1, max-image-preview:large, max-video-preview:-1\" \/>\n<link rel=\"canonical\" href=\"https:\/\/lulucirne.com\/es\/sobre-lulu\/\" \/>\n<meta property=\"og:locale\" content=\"es_ES\" \/>\n<meta property=\"og:type\" content=\"article\" \/>\n<meta property=\"og:title\" content=\"Sobre Lulu - Lulu Cirne\" \/>\n<meta property=\"og:description\" content=\"Saiba mais sobre Lulu Cirne, Psicoterapia, Yoga e Mindfulness. Acesse para obter mais informa\u00e7\u00f5es e marcar a sua sess\u00e3o!\" \/>\n<meta property=\"og:url\" content=\"https:\/\/lulucirne.com\/es\/sobre-lulu\/\" \/>\n<meta property=\"og:site_name\" content=\"Lulu Cirne\" \/>\n<meta property=\"article:modified_time\" content=\"2024-07-30T20:45:31+00:00\" \/>\n<meta property=\"og:image\" content=\"https:\/\/lulucirne.com\/wp-content\/uploads\/2024\/07\/c8bae16b5099d6b965b532cc_151221CH-689-e1721676233509.jpg\" \/>\n<meta name=\"twitter:card\" content=\"summary_large_image\" \/>\n<meta name=\"twitter:label1\" content=\"Tiempo estimado de lectura\" \/>\n\t<meta name=\"twitter:data1\" content=\"3 minutos\" \/>\n<script type=\"application\/ld+json\" class=\"yoast-schema-graph\">{\"@context\":\"https:\\\/\\\/schema.org\",\"@graph\":[{\"@type\":\"WebPage\",\"@id\":\"https:\\\/\\\/lulucirne.com\\\/sobre-lulu\\\/\",\"url\":\"https:\\\/\\\/lulucirne.com\\\/sobre-lulu\\\/\",\"name\":\"Sobre Lulu - Lulu Cirne\",\"isPartOf\":{\"@id\":\"https:\\\/\\\/lulucirne.com\\\/#website\"},\"primaryImageOfPage\":{\"@id\":\"https:\\\/\\\/lulucirne.com\\\/sobre-lulu\\\/#primaryimage\"},\"image\":{\"@id\":\"https:\\\/\\\/lulucirne.com\\\/sobre-lulu\\\/#primaryimage\"},\"thumbnailUrl\":\"https:\\\/\\\/lulucirne.com\\\/wp-content\\\/uploads\\\/2024\\\/07\\\/c8bae16b5099d6b965b532cc_151221CH-689-e1721676233509.jpg\",\"datePublished\":\"2019-06-27T23:47:07+00:00\",\"dateModified\":\"2024-07-30T20:45:31+00:00\",\"description\":\"Saiba mais sobre Lulu Cirne, Psicoterapia, Yoga e Mindfulness. Acesse para obter mais informa\u00e7\u00f5es e marcar a sua sess\u00e3o!\",\"breadcrumb\":{\"@id\":\"https:\\\/\\\/lulucirne.com\\\/sobre-lulu\\\/#breadcrumb\"},\"inLanguage\":\"es-CL\",\"potentialAction\":[{\"@type\":\"ReadAction\",\"target\":[\"https:\\\/\\\/lulucirne.com\\\/sobre-lulu\\\/\"]}]},{\"@type\":\"ImageObject\",\"inLanguage\":\"es-CL\",\"@id\":\"https:\\\/\\\/lulucirne.com\\\/sobre-lulu\\\/#primaryimage\",\"url\":\"https:\\\/\\\/lulucirne.com\\\/wp-content\\\/uploads\\\/2024\\\/07\\\/c8bae16b5099d6b965b532cc_151221CH-689-e1721676233509.jpg\",\"contentUrl\":\"https:\\\/\\\/lulucirne.com\\\/wp-content\\\/uploads\\\/2024\\\/07\\\/c8bae16b5099d6b965b532cc_151221CH-689-e1721676233509.jpg\"},{\"@type\":\"BreadcrumbList\",\"@id\":\"https:\\\/\\\/lulucirne.com\\\/sobre-lulu\\\/#breadcrumb\",\"itemListElement\":[{\"@type\":\"ListItem\",\"position\":1,\"name\":\"In\u00edcio\",\"item\":\"https:\\\/\\\/lulucirne.com\\\/\"},{\"@type\":\"ListItem\",\"position\":2,\"name\":\"Sobre Lulu\"}]},{\"@type\":\"WebSite\",\"@id\":\"https:\\\/\\\/lulucirne.com\\\/#website\",\"url\":\"https:\\\/\\\/lulucirne.com\\\/\",\"name\":\"Lulu Cirne\",\"description\":\"\",\"publisher\":{\"@id\":\"https:\\\/\\\/lulucirne.com\\\/#\\\/schema\\\/person\\\/1b9577b4391d8fd0e85ffab4fe582b1b\"},\"potentialAction\":[{\"@type\":\"SearchAction\",\"target\":{\"@type\":\"EntryPoint\",\"urlTemplate\":\"https:\\\/\\\/lulucirne.com\\\/?s={search_term_string}\"},\"query-input\":{\"@type\":\"PropertyValueSpecification\",\"valueRequired\":true,\"valueName\":\"search_term_string\"}}],\"inLanguage\":\"es-CL\"},{\"@type\":[\"Person\",\"Organization\"],\"@id\":\"https:\\\/\\\/lulucirne.com\\\/#\\\/schema\\\/person\\\/1b9577b4391d8fd0e85ffab4fe582b1b\",\"name\":\"Lulu Cirne\",\"image\":{\"@type\":\"ImageObject\",\"inLanguage\":\"es-CL\",\"@id\":\"https:\\\/\\\/lulucirne.com\\\/wp-content\\\/uploads\\\/2024\\\/07\\\/lg-lulucirne-nova.png\",\"url\":\"https:\\\/\\\/lulucirne.com\\\/wp-content\\\/uploads\\\/2024\\\/07\\\/lg-lulucirne-nova.png\",\"contentUrl\":\"https:\\\/\\\/lulucirne.com\\\/wp-content\\\/uploads\\\/2024\\\/07\\\/lg-lulucirne-nova.png\",\"width\":2414,\"height\":614,\"caption\":\"Lulu Cirne\"},\"logo\":{\"@id\":\"https:\\\/\\\/lulucirne.com\\\/wp-content\\\/uploads\\\/2024\\\/07\\\/lg-lulucirne-nova.png\"}}]}<\/script>\n<!-- \/ Yoast SEO plugin. -->","yoast_head_json":{"title":"Sobre Lulu - Lulu Cirne","description":"Saiba mais sobre Lulu Cirne, Psicoterapia, Yoga e Mindfulness. Acesse para obter mais informa\u00e7\u00f5es e marcar a sua sess\u00e3o!","robots":{"index":"index","follow":"follow","max-snippet":"max-snippet:-1","max-image-preview":"max-image-preview:large","max-video-preview":"max-video-preview:-1"},"canonical":"https:\/\/lulucirne.com\/es\/sobre-lulu\/","og_locale":"es_ES","og_type":"article","og_title":"Sobre Lulu - Lulu Cirne","og_description":"Saiba mais sobre Lulu Cirne, Psicoterapia, Yoga e Mindfulness. Acesse para obter mais informa\u00e7\u00f5es e marcar a sua sess\u00e3o!","og_url":"https:\/\/lulucirne.com\/es\/sobre-lulu\/","og_site_name":"Lulu Cirne","article_modified_time":"2024-07-30T20:45:31+00:00","og_image":[{"url":"https:\/\/lulucirne.com\/wp-content\/uploads\/2024\/07\/c8bae16b5099d6b965b532cc_151221CH-689-e1721676233509.jpg","type":"","width":"","height":""}],"twitter_card":"summary_large_image","twitter_misc":{"Tiempo estimado de lectura":"3 minutos"},"schema":{"@context":"https:\/\/schema.org","@graph":[{"@type":"WebPage","@id":"https:\/\/lulucirne.com\/sobre-lulu\/","url":"https:\/\/lulucirne.com\/sobre-lulu\/","name":"Sobre Lulu - Lulu Cirne","isPartOf":{"@id":"https:\/\/lulucirne.com\/#website"},"primaryImageOfPage":{"@id":"https:\/\/lulucirne.com\/sobre-lulu\/#primaryimage"},"image":{"@id":"https:\/\/lulucirne.com\/sobre-lulu\/#primaryimage"},"thumbnailUrl":"https:\/\/lulucirne.com\/wp-content\/uploads\/2024\/07\/c8bae16b5099d6b965b532cc_151221CH-689-e1721676233509.jpg","datePublished":"2019-06-27T23:47:07+00:00","dateModified":"2024-07-30T20:45:31+00:00","description":"Saiba mais sobre Lulu Cirne, Psicoterapia, Yoga e Mindfulness. Acesse para obter mais informa\u00e7\u00f5es e marcar a sua sess\u00e3o!","breadcrumb":{"@id":"https:\/\/lulucirne.com\/sobre-lulu\/#breadcrumb"},"inLanguage":"es-CL","potentialAction":[{"@type":"ReadAction","target":["https:\/\/lulucirne.com\/sobre-lulu\/"]}]},{"@type":"ImageObject","inLanguage":"es-CL","@id":"https:\/\/lulucirne.com\/sobre-lulu\/#primaryimage","url":"https:\/\/lulucirne.com\/wp-content\/uploads\/2024\/07\/c8bae16b5099d6b965b532cc_151221CH-689-e1721676233509.jpg","contentUrl":"https:\/\/lulucirne.com\/wp-content\/uploads\/2024\/07\/c8bae16b5099d6b965b532cc_151221CH-689-e1721676233509.jpg"},{"@type":"BreadcrumbList","@id":"https:\/\/lulucirne.com\/sobre-lulu\/#breadcrumb","itemListElement":[{"@type":"ListItem","position":1,"name":"In\u00edcio","item":"https:\/\/lulucirne.com\/"},{"@type":"ListItem","position":2,"name":"Sobre Lulu"}]},{"@type":"WebSite","@id":"https:\/\/lulucirne.com\/#website","url":"https:\/\/lulucirne.com\/","name":"Lulu Cirne","description":"","publisher":{"@id":"https:\/\/lulucirne.com\/#\/schema\/person\/1b9577b4391d8fd0e85ffab4fe582b1b"},"potentialAction":[{"@type":"SearchAction","target":{"@type":"EntryPoint","urlTemplate":"https:\/\/lulucirne.com\/?s={search_term_string}"},"query-input":{"@type":"PropertyValueSpecification","valueRequired":true,"valueName":"search_term_string"}}],"inLanguage":"es-CL"},{"@type":["Person","Organization"],"@id":"https:\/\/lulucirne.com\/#\/schema\/person\/1b9577b4391d8fd0e85ffab4fe582b1b","name":"Lulu Cirne","image":{"@type":"ImageObject","inLanguage":"es-CL","@id":"https:\/\/lulucirne.com\/wp-content\/uploads\/2024\/07\/lg-lulucirne-nova.png","url":"https:\/\/lulucirne.com\/wp-content\/uploads\/2024\/07\/lg-lulucirne-nova.png","contentUrl":"https:\/\/lulucirne.com\/wp-content\/uploads\/2024\/07\/lg-lulucirne-nova.png","width":2414,"height":614,"caption":"Lulu Cirne"},"logo":{"@id":"https:\/\/lulucirne.com\/wp-content\/uploads\/2024\/07\/lg-lulucirne-nova.png"}}]}},"_links":{"self":[{"href":"https:\/\/lulucirne.com\/es\/wp-json\/wp\/v2\/pages\/11","targetHints":{"allow":["GET"]}}],"collection":[{"href":"https:\/\/lulucirne.com\/es\/wp-json\/wp\/v2\/pages"}],"about":[{"href":"https:\/\/lulucirne.com\/es\/wp-json\/wp\/v2\/types\/page"}],"author":[{"embeddable":true,"href":"https:\/\/lulucirne.com\/es\/wp-json\/wp\/v2\/users\/1"}],"replies":[{"embeddable":true,"href":"https:\/\/lulucirne.com\/es\/wp-json\/wp\/v2\/comments?post=11"}],"version-history":[{"count":86,"href":"https:\/\/lulucirne.com\/es\/wp-json\/wp\/v2\/pages\/11\/revisions"}],"predecessor-version":[{"id":1238,"href":"https:\/\/lulucirne.com\/es\/wp-json\/wp\/v2\/pages\/11\/revisions\/1238"}],"wp:attachment":[{"href":"https:\/\/lulucirne.com\/es\/wp-json\/wp\/v2\/media?parent=11"}],"curies":[{"name":"wp","href":"https:\/\/api.w.org\/{rel}","templated":true}]}}