{"id":1096,"date":"2024-07-22T22:37:14","date_gmt":"2024-07-23T01:37:14","guid":{"rendered":"https:\/\/lulucirne.com\/?page_id=1096"},"modified":"2024-07-30T17:44:45","modified_gmt":"2024-07-30T20:44:45","slug":"psicologia-clinica","status":"publish","type":"page","link":"https:\/\/lulucirne.com\/es\/psicologia-clinica\/","title":{"rendered":"Psicolog\u00eda Cl\u00ednica"},"content":{"rendered":"<div data-elementor-type=\"wp-page\" data-elementor-id=\"1096\" class=\"elementor elementor-1096\" data-elementor-post-type=\"page\">\n\t\t\t\t<div class=\"elementor-element elementor-element-6cd5939 e-flex e-con-boxed e-con e-parent\" data-id=\"6cd5939\" data-element_type=\"container\" data-e-type=\"container\">\n\t\t\t\t\t<div class=\"e-con-inner\">\n\t\t<div class=\"elementor-element elementor-element-84f310f e-con-full e-flex e-con e-child\" data-id=\"84f310f\" data-element_type=\"container\" data-e-type=\"container\">\n\t\t\t\t<div class=\"elementor-element elementor-element-ee62100 elementor-invisible elementor-widget elementor-widget-image\" data-id=\"ee62100\" data-element_type=\"widget\" data-e-type=\"widget\" data-settings=\"{&quot;_animation&quot;:&quot;fadeInUp&quot;}\" data-widget_type=\"image.default\">\n\t\t\t\t<div class=\"elementor-widget-container\">\n\t\t\t\t\t\t\t\t\t\t\t\t\t\t\t<img fetchpriority=\"high\" decoding=\"async\" width=\"1280\" height=\"1920\" src=\"https:\/\/lulucirne.com\/wp-content\/uploads\/2024\/07\/457024c01b1c84685e5acb72_151221CH-1096.jpg\" class=\"attachment-full size-full wp-image-881\" alt=\"Psicologia Cl\u00ednica Lulu Cirne\" srcset=\"https:\/\/lulucirne.com\/wp-content\/uploads\/2024\/07\/457024c01b1c84685e5acb72_151221CH-1096.jpg 1280w, https:\/\/lulucirne.com\/wp-content\/uploads\/2024\/07\/457024c01b1c84685e5acb72_151221CH-1096-200x300.jpg 200w, https:\/\/lulucirne.com\/wp-content\/uploads\/2024\/07\/457024c01b1c84685e5acb72_151221CH-1096-683x1024.jpg 683w, https:\/\/lulucirne.com\/wp-content\/uploads\/2024\/07\/457024c01b1c84685e5acb72_151221CH-1096-768x1152.jpg 768w, https:\/\/lulucirne.com\/wp-content\/uploads\/2024\/07\/457024c01b1c84685e5acb72_151221CH-1096-1024x1536.jpg 1024w, https:\/\/lulucirne.com\/wp-content\/uploads\/2024\/07\/457024c01b1c84685e5acb72_151221CH-1096-8x12.jpg 8w\" sizes=\"(max-width: 1280px) 100vw, 1280px\" \/>\t\t\t\t\t\t\t\t\t\t\t\t\t\t\t<\/div>\n\t\t\t\t<\/div>\n\t\t\t\t<\/div>\n\t\t<div class=\"elementor-element elementor-element-1a1a06e e-con-full e-flex e-con e-child\" data-id=\"1a1a06e\" data-element_type=\"container\" data-e-type=\"container\">\n\t\t\t\t<div class=\"elementor-element elementor-element-0a3d8df elementor-invisible elementor-widget elementor-widget-heading\" data-id=\"0a3d8df\" data-element_type=\"widget\" data-e-type=\"widget\" data-settings=\"{&quot;_animation&quot;:&quot;fadeInUp&quot;}\" data-widget_type=\"heading.default\">\n\t\t\t\t<div class=\"elementor-widget-container\">\n\t\t\t\t\t<h2 class=\"elementor-heading-title elementor-size-default\">Psicolog\u00eda Cl\u00ednica<\/h2>\t\t\t\t<\/div>\n\t\t\t\t<\/div>\n\t\t\t\t<div class=\"elementor-element elementor-element-f01263c elementor-invisible elementor-widget elementor-widget-text-editor\" data-id=\"f01263c\" data-element_type=\"widget\" data-e-type=\"widget\" data-settings=\"{&quot;_animation&quot;:&quot;fadeInUp&quot;}\" data-widget_type=\"text-editor.default\">\n\t\t\t\t<div class=\"elementor-widget-container\">\n\t\t\t\t\t\t\t\t\t<p><span style=\"font-weight: 400;\">En la actualidad, la psicoterapia se ha convertido en una herramienta esencial para el bienestar mental y emocional tanto de adultos como de j\u00f3venes y ni\u00f1os. El ritmo acelerado de la vida moderna, las presiones sociales y acad\u00e9micas, y las experiencias traum\u00e1ticas son factores que afectan profundamente la salud mental de las personas. Asistir a psicoterapia permite a los individuos abordar estos desaf\u00edos, desarrollar habilidades de afrontamiento y construir una vida m\u00e1s equilibrada y satisfactoria.<\/span><\/p><p><span style=\"font-weight: 400;\">El mindfulness, como enfoque terap\u00e9utico, es una t\u00e9cnica poderosa para el desarrollo personal. Fomenta la atenci\u00f3n plena y la conciencia del momento presente, permitiendo a las personas conectar con sus pensamientos y emociones sin juicio. Este enfoque no solo reduce el estr\u00e9s y la ansiedad, sino que tambi\u00e9n promueve la autorregulaci\u00f3n emocional y el autoconocimiento, aspectos fundamentales para el crecimiento y la recuperaci\u00f3n sostenibles.<\/span><\/p>\t\t\t\t\t\t\t\t<\/div>\n\t\t\t\t<\/div>\n\t\t\t\t<\/div>\n\t\t\t\t\t<\/div>\n\t\t\t\t<\/div>\n\t\t<div class=\"elementor-element elementor-element-2479458 e-flex e-con-boxed e-con e-parent\" data-id=\"2479458\" data-element_type=\"container\" data-e-type=\"container\">\n\t\t\t\t\t<div class=\"e-con-inner\">\n\t\t\t\t<div class=\"elementor-element elementor-element-33cf128 elementor-widget-divider--separator-type-pattern elementor-widget-divider--view-line elementor-invisible elementor-widget elementor-widget-divider\" data-id=\"33cf128\" data-element_type=\"widget\" data-e-type=\"widget\" data-settings=\"{&quot;_animation&quot;:&quot;fadeInUp&quot;}\" data-widget_type=\"divider.default\">\n\t\t\t\t<div class=\"elementor-widget-container\">\n\t\t\t\t\t\t\t<div class=\"elementor-divider\" style=\"--divider-pattern-url: url(&quot;data:image\/svg+xml,%3Csvg xmlns=&#039;http:\/\/www.w3.org\/2000\/svg&#039; preserveAspectRatio=&#039;none&#039; overflow=&#039;visible&#039; height=&#039;100%&#039; viewBox=&#039;0 0 24 24&#039; fill=&#039;none&#039; stroke=&#039;black&#039; stroke-width=&#039;1.5&#039; stroke-linecap=&#039;square&#039; stroke-miterlimit=&#039;10&#039;%3E%3Cpath d=&#039;M0,21c3.3,0,8.3-0.9,15.7-7.1c6.6-5.4,4.4-9.3,2.4-10.3c-3.4-1.8-7.7,1.3-7.3,8.8C11.2,20,17.1,21,24,21&#039;\/%3E%3C\/svg%3E&quot;);\">\n\t\t\t<span class=\"elementor-divider-separator\">\n\t\t\t\t\t\t<\/span>\n\t\t<\/div>\n\t\t\t\t\t\t<\/div>\n\t\t\t\t<\/div>\n\t\t\t\t\t<\/div>\n\t\t\t\t<\/div>\n\t\t<div class=\"elementor-element elementor-element-3c721a5 e-flex e-con-boxed e-con e-parent\" data-id=\"3c721a5\" data-element_type=\"container\" data-e-type=\"container\">\n\t\t\t\t\t<div class=\"e-con-inner\">\n\t\t\t\t<div class=\"elementor-element elementor-element-14cdecb elementor-invisible elementor-widget elementor-widget-text-editor\" data-id=\"14cdecb\" data-element_type=\"widget\" data-e-type=\"widget\" data-settings=\"{&quot;_animation&quot;:&quot;fadeInUp&quot;}\" data-widget_type=\"text-editor.default\">\n\t\t\t\t<div class=\"elementor-widget-container\">\n\t\t\t\t\t\t\t\t\t<p><span style=\"font-weight: 400;\">Un buen terapeuta con experiencia y una mente abierta es crucial para guiar a las personas en su proceso de transformaci\u00f3n. La capacidad de crear un v\u00ednculo terap\u00e9utico seguro y de confianza es esencial para que el paciente se sienta comprendido y apoyado. Un terapeuta experimentado puede ofrecer perspectivas valiosas y utilizar diversas t\u00e9cnicas adaptadas a las necesidades individuales, facilitando cambios profundos y duraderos en la vida del paciente.<\/span><\/p><p><span style=\"font-weight: 400;\">En mi pr\u00e1ctica como psicoterapeuta, he tratado a pacientes con diversas demandas y trastornos, como ansiedad, p\u00e1nico y depresi\u00f3n. Con m\u00e1s de diez a\u00f1os de experiencia en yoga y meditaci\u00f3n, he incorporado herramientas eficaces en la terapia, ofreciendo una visi\u00f3n anal\u00edtica y un modelo humanista y acogedor. Esta perspectiva integral y transpersonal permite a mis pacientes sanar al descubrir su verdadera esencia, logrando una transformaci\u00f3n profunda y significativa.<\/span><\/p>\t\t\t\t\t\t\t\t<\/div>\n\t\t\t\t<\/div>\n\t\t\t\t\t<\/div>\n\t\t\t\t<\/div>\n\t\t<div class=\"elementor-element elementor-element-03611fc e-flex e-con-boxed e-con e-parent\" data-id=\"03611fc\" data-element_type=\"container\" data-e-type=\"container\">\n\t\t\t\t\t<div class=\"e-con-inner\">\n\t\t\t\t<div class=\"elementor-element elementor-element-80cbe95 elementor-widget-divider--separator-type-pattern elementor-widget-divider--view-line elementor-invisible elementor-widget elementor-widget-divider\" data-id=\"80cbe95\" data-element_type=\"widget\" data-e-type=\"widget\" data-settings=\"{&quot;_animation&quot;:&quot;fadeInUp&quot;}\" data-widget_type=\"divider.default\">\n\t\t\t\t<div class=\"elementor-widget-container\">\n\t\t\t\t\t\t\t<div class=\"elementor-divider\" style=\"--divider-pattern-url: url(&quot;data:image\/svg+xml,%3Csvg xmlns=&#039;http:\/\/www.w3.org\/2000\/svg&#039; preserveAspectRatio=&#039;none&#039; overflow=&#039;visible&#039; height=&#039;100%&#039; viewBox=&#039;0 0 24 24&#039; fill=&#039;none&#039; stroke=&#039;black&#039; stroke-width=&#039;1.5&#039; stroke-linecap=&#039;square&#039; stroke-miterlimit=&#039;10&#039;%3E%3Cpath d=&#039;M0,21c3.3,0,8.3-0.9,15.7-7.1c6.6-5.4,4.4-9.3,2.4-10.3c-3.4-1.8-7.7,1.3-7.3,8.8C11.2,20,17.1,21,24,21&#039;\/%3E%3C\/svg%3E&quot;);\">\n\t\t\t<span class=\"elementor-divider-separator\">\n\t\t\t\t\t\t<\/span>\n\t\t<\/div>\n\t\t\t\t\t\t<\/div>\n\t\t\t\t<\/div>\n\t\t\t\t\t<\/div>\n\t\t\t\t<\/div>\n\t\t<div class=\"elementor-element elementor-element-9aa86e3 e-flex e-con-boxed e-con e-parent\" data-id=\"9aa86e3\" data-element_type=\"container\" data-e-type=\"container\">\n\t\t\t\t\t<div class=\"e-con-inner\">\n\t\t\t\t<div class=\"elementor-element elementor-element-2e64726 elementor-invisible elementor-widget elementor-widget-image\" data-id=\"2e64726\" data-element_type=\"widget\" data-e-type=\"widget\" data-settings=\"{&quot;_animation&quot;:&quot;fadeInUp&quot;}\" data-widget_type=\"image.default\">\n\t\t\t\t<div class=\"elementor-widget-container\">\n\t\t\t\t\t\t\t\t\t\t\t\t\t\t\t<img decoding=\"async\" width=\"1920\" height=\"1280\" src=\"https:\/\/lulucirne.com\/wp-content\/uploads\/2024\/07\/fcd63f45f82ca804beaf1b1c_151221CH-1286.jpg\" class=\"attachment-full size-full wp-image-884\" alt=\"Psicologia Cl\u00ednica Lulu Cirne\" srcset=\"https:\/\/lulucirne.com\/wp-content\/uploads\/2024\/07\/fcd63f45f82ca804beaf1b1c_151221CH-1286.jpg 1920w, https:\/\/lulucirne.com\/wp-content\/uploads\/2024\/07\/fcd63f45f82ca804beaf1b1c_151221CH-1286-300x200.jpg 300w, https:\/\/lulucirne.com\/wp-content\/uploads\/2024\/07\/fcd63f45f82ca804beaf1b1c_151221CH-1286-1024x683.jpg 1024w, https:\/\/lulucirne.com\/wp-content\/uploads\/2024\/07\/fcd63f45f82ca804beaf1b1c_151221CH-1286-768x512.jpg 768w, https:\/\/lulucirne.com\/wp-content\/uploads\/2024\/07\/fcd63f45f82ca804beaf1b1c_151221CH-1286-1536x1024.jpg 1536w, https:\/\/lulucirne.com\/wp-content\/uploads\/2024\/07\/fcd63f45f82ca804beaf1b1c_151221CH-1286-18x12.jpg 18w\" sizes=\"(max-width: 1920px) 100vw, 1920px\" \/>\t\t\t\t\t\t\t\t\t\t\t\t\t\t\t<\/div>\n\t\t\t\t<\/div>\n\t\t\t\t\t<\/div>\n\t\t\t\t<\/div>\n\t\t\t\t<\/div>","protected":false},"excerpt":{"rendered":"<p>Psicologia Cl\u00ednica Hoje em dia, a psicoterapia tornou-se uma ferramenta essencial para o bem-estar mental e emocional de adultos, jovens e crian\u00e7as. O ritmo acelerado da vida moderna, as press\u00f5es sociais e acad\u00eamicas e as experi\u00eancias traum\u00e1ticas s\u00e3o fatores que afetam profundamente a sa\u00fade mental das pessoas. Frequentar a psicoterapia permite que os indiv\u00edduos administrem [&hellip;]<\/p>\n","protected":false},"author":1,"featured_media":0,"parent":0,"menu_order":0,"comment_status":"closed","ping_status":"closed","template":"","meta":{"footnotes":""},"class_list":["post-1096","page","type-page","status-publish","hentry"],"yoast_head":"<!-- This site is optimized with the Yoast SEO plugin v27.4 - https:\/\/yoast.com\/product\/yoast-seo-wordpress\/ -->\n<title>Psicologia Cl\u00ednica - Lulu Cirne<\/title>\n<meta name=\"description\" content=\"Psicologia Cl\u00ednica de Lulu Cirne, Psicoterapia, Yoga e Mindfulness. Acesse para obter mais informa\u00e7\u00f5es e marcar sua sess\u00e3o!\" \/>\n<meta name=\"robots\" content=\"index, follow, max-snippet:-1, max-image-preview:large, max-video-preview:-1\" \/>\n<link rel=\"canonical\" href=\"https:\/\/lulucirne.com\/es\/psicologia-clinica\/\" \/>\n<meta property=\"og:locale\" content=\"es_ES\" \/>\n<meta property=\"og:type\" content=\"article\" \/>\n<meta property=\"og:title\" content=\"Psicologia Cl\u00ednica - Lulu Cirne\" \/>\n<meta property=\"og:description\" content=\"Psicologia Cl\u00ednica de Lulu Cirne, Psicoterapia, Yoga e Mindfulness. Acesse para obter mais informa\u00e7\u00f5es e marcar sua sess\u00e3o!\" \/>\n<meta property=\"og:url\" content=\"https:\/\/lulucirne.com\/es\/psicologia-clinica\/\" \/>\n<meta property=\"og:site_name\" content=\"Lulu Cirne\" \/>\n<meta property=\"article:modified_time\" content=\"2024-07-30T20:44:45+00:00\" \/>\n<meta property=\"og:image\" content=\"https:\/\/lulucirne.com\/wp-content\/uploads\/2024\/07\/457024c01b1c84685e5acb72_151221CH-1096.jpg\" \/>\n<meta name=\"twitter:card\" content=\"summary_large_image\" \/>\n<meta name=\"twitter:label1\" content=\"Tiempo estimado de lectura\" \/>\n\t<meta name=\"twitter:data1\" content=\"2 minutos\" \/>\n<script type=\"application\/ld+json\" class=\"yoast-schema-graph\">{\"@context\":\"https:\\\/\\\/schema.org\",\"@graph\":[{\"@type\":\"WebPage\",\"@id\":\"https:\\\/\\\/lulucirne.com\\\/psicologia-clinica\\\/\",\"url\":\"https:\\\/\\\/lulucirne.com\\\/psicologia-clinica\\\/\",\"name\":\"Psicologia Cl\u00ednica - Lulu Cirne\",\"isPartOf\":{\"@id\":\"https:\\\/\\\/lulucirne.com\\\/#website\"},\"primaryImageOfPage\":{\"@id\":\"https:\\\/\\\/lulucirne.com\\\/psicologia-clinica\\\/#primaryimage\"},\"image\":{\"@id\":\"https:\\\/\\\/lulucirne.com\\\/psicologia-clinica\\\/#primaryimage\"},\"thumbnailUrl\":\"https:\\\/\\\/lulucirne.com\\\/wp-content\\\/uploads\\\/2024\\\/07\\\/457024c01b1c84685e5acb72_151221CH-1096.jpg\",\"datePublished\":\"2024-07-23T01:37:14+00:00\",\"dateModified\":\"2024-07-30T20:44:45+00:00\",\"description\":\"Psicologia Cl\u00ednica de Lulu Cirne, Psicoterapia, Yoga e Mindfulness. Acesse para obter mais informa\u00e7\u00f5es e marcar sua sess\u00e3o!\",\"breadcrumb\":{\"@id\":\"https:\\\/\\\/lulucirne.com\\\/psicologia-clinica\\\/#breadcrumb\"},\"inLanguage\":\"es-CL\",\"potentialAction\":[{\"@type\":\"ReadAction\",\"target\":[\"https:\\\/\\\/lulucirne.com\\\/psicologia-clinica\\\/\"]}]},{\"@type\":\"ImageObject\",\"inLanguage\":\"es-CL\",\"@id\":\"https:\\\/\\\/lulucirne.com\\\/psicologia-clinica\\\/#primaryimage\",\"url\":\"https:\\\/\\\/lulucirne.com\\\/wp-content\\\/uploads\\\/2024\\\/07\\\/457024c01b1c84685e5acb72_151221CH-1096.jpg\",\"contentUrl\":\"https:\\\/\\\/lulucirne.com\\\/wp-content\\\/uploads\\\/2024\\\/07\\\/457024c01b1c84685e5acb72_151221CH-1096.jpg\"},{\"@type\":\"BreadcrumbList\",\"@id\":\"https:\\\/\\\/lulucirne.com\\\/psicologia-clinica\\\/#breadcrumb\",\"itemListElement\":[{\"@type\":\"ListItem\",\"position\":1,\"name\":\"In\u00edcio\",\"item\":\"https:\\\/\\\/lulucirne.com\\\/\"},{\"@type\":\"ListItem\",\"position\":2,\"name\":\"Psicologia Cl\u00ednica\"}]},{\"@type\":\"WebSite\",\"@id\":\"https:\\\/\\\/lulucirne.com\\\/#website\",\"url\":\"https:\\\/\\\/lulucirne.com\\\/\",\"name\":\"Lulu Cirne\",\"description\":\"\",\"publisher\":{\"@id\":\"https:\\\/\\\/lulucirne.com\\\/#\\\/schema\\\/person\\\/1b9577b4391d8fd0e85ffab4fe582b1b\"},\"potentialAction\":[{\"@type\":\"SearchAction\",\"target\":{\"@type\":\"EntryPoint\",\"urlTemplate\":\"https:\\\/\\\/lulucirne.com\\\/?s={search_term_string}\"},\"query-input\":{\"@type\":\"PropertyValueSpecification\",\"valueRequired\":true,\"valueName\":\"search_term_string\"}}],\"inLanguage\":\"es-CL\"},{\"@type\":[\"Person\",\"Organization\"],\"@id\":\"https:\\\/\\\/lulucirne.com\\\/#\\\/schema\\\/person\\\/1b9577b4391d8fd0e85ffab4fe582b1b\",\"name\":\"Lulu Cirne\",\"image\":{\"@type\":\"ImageObject\",\"inLanguage\":\"es-CL\",\"@id\":\"https:\\\/\\\/lulucirne.com\\\/wp-content\\\/uploads\\\/2024\\\/07\\\/lg-lulucirne-nova.png\",\"url\":\"https:\\\/\\\/lulucirne.com\\\/wp-content\\\/uploads\\\/2024\\\/07\\\/lg-lulucirne-nova.png\",\"contentUrl\":\"https:\\\/\\\/lulucirne.com\\\/wp-content\\\/uploads\\\/2024\\\/07\\\/lg-lulucirne-nova.png\",\"width\":2414,\"height\":614,\"caption\":\"Lulu Cirne\"},\"logo\":{\"@id\":\"https:\\\/\\\/lulucirne.com\\\/wp-content\\\/uploads\\\/2024\\\/07\\\/lg-lulucirne-nova.png\"}}]}<\/script>\n<!-- \/ Yoast SEO plugin. -->","yoast_head_json":{"title":"Psicologia Cl\u00ednica - Lulu Cirne","description":"Psicologia Cl\u00ednica de Lulu Cirne, Psicoterapia, Yoga e Mindfulness. Acesse para obter mais informa\u00e7\u00f5es e marcar sua sess\u00e3o!","robots":{"index":"index","follow":"follow","max-snippet":"max-snippet:-1","max-image-preview":"max-image-preview:large","max-video-preview":"max-video-preview:-1"},"canonical":"https:\/\/lulucirne.com\/es\/psicologia-clinica\/","og_locale":"es_ES","og_type":"article","og_title":"Psicologia Cl\u00ednica - Lulu Cirne","og_description":"Psicologia Cl\u00ednica de Lulu Cirne, Psicoterapia, Yoga e Mindfulness. Acesse para obter mais informa\u00e7\u00f5es e marcar sua sess\u00e3o!","og_url":"https:\/\/lulucirne.com\/es\/psicologia-clinica\/","og_site_name":"Lulu Cirne","article_modified_time":"2024-07-30T20:44:45+00:00","og_image":[{"url":"https:\/\/lulucirne.com\/wp-content\/uploads\/2024\/07\/457024c01b1c84685e5acb72_151221CH-1096.jpg","type":"","width":"","height":""}],"twitter_card":"summary_large_image","twitter_misc":{"Tiempo estimado de lectura":"2 minutos"},"schema":{"@context":"https:\/\/schema.org","@graph":[{"@type":"WebPage","@id":"https:\/\/lulucirne.com\/psicologia-clinica\/","url":"https:\/\/lulucirne.com\/psicologia-clinica\/","name":"Psicologia Cl\u00ednica - Lulu Cirne","isPartOf":{"@id":"https:\/\/lulucirne.com\/#website"},"primaryImageOfPage":{"@id":"https:\/\/lulucirne.com\/psicologia-clinica\/#primaryimage"},"image":{"@id":"https:\/\/lulucirne.com\/psicologia-clinica\/#primaryimage"},"thumbnailUrl":"https:\/\/lulucirne.com\/wp-content\/uploads\/2024\/07\/457024c01b1c84685e5acb72_151221CH-1096.jpg","datePublished":"2024-07-23T01:37:14+00:00","dateModified":"2024-07-30T20:44:45+00:00","description":"Psicologia Cl\u00ednica de Lulu Cirne, Psicoterapia, Yoga e Mindfulness. Acesse para obter mais informa\u00e7\u00f5es e marcar sua sess\u00e3o!","breadcrumb":{"@id":"https:\/\/lulucirne.com\/psicologia-clinica\/#breadcrumb"},"inLanguage":"es-CL","potentialAction":[{"@type":"ReadAction","target":["https:\/\/lulucirne.com\/psicologia-clinica\/"]}]},{"@type":"ImageObject","inLanguage":"es-CL","@id":"https:\/\/lulucirne.com\/psicologia-clinica\/#primaryimage","url":"https:\/\/lulucirne.com\/wp-content\/uploads\/2024\/07\/457024c01b1c84685e5acb72_151221CH-1096.jpg","contentUrl":"https:\/\/lulucirne.com\/wp-content\/uploads\/2024\/07\/457024c01b1c84685e5acb72_151221CH-1096.jpg"},{"@type":"BreadcrumbList","@id":"https:\/\/lulucirne.com\/psicologia-clinica\/#breadcrumb","itemListElement":[{"@type":"ListItem","position":1,"name":"In\u00edcio","item":"https:\/\/lulucirne.com\/"},{"@type":"ListItem","position":2,"name":"Psicologia Cl\u00ednica"}]},{"@type":"WebSite","@id":"https:\/\/lulucirne.com\/#website","url":"https:\/\/lulucirne.com\/","name":"Lulu Cirne","description":"","publisher":{"@id":"https:\/\/lulucirne.com\/#\/schema\/person\/1b9577b4391d8fd0e85ffab4fe582b1b"},"potentialAction":[{"@type":"SearchAction","target":{"@type":"EntryPoint","urlTemplate":"https:\/\/lulucirne.com\/?s={search_term_string}"},"query-input":{"@type":"PropertyValueSpecification","valueRequired":true,"valueName":"search_term_string"}}],"inLanguage":"es-CL"},{"@type":["Person","Organization"],"@id":"https:\/\/lulucirne.com\/#\/schema\/person\/1b9577b4391d8fd0e85ffab4fe582b1b","name":"Lulu Cirne","image":{"@type":"ImageObject","inLanguage":"es-CL","@id":"https:\/\/lulucirne.com\/wp-content\/uploads\/2024\/07\/lg-lulucirne-nova.png","url":"https:\/\/lulucirne.com\/wp-content\/uploads\/2024\/07\/lg-lulucirne-nova.png","contentUrl":"https:\/\/lulucirne.com\/wp-content\/uploads\/2024\/07\/lg-lulucirne-nova.png","width":2414,"height":614,"caption":"Lulu Cirne"},"logo":{"@id":"https:\/\/lulucirne.com\/wp-content\/uploads\/2024\/07\/lg-lulucirne-nova.png"}}]}},"_links":{"self":[{"href":"https:\/\/lulucirne.com\/es\/wp-json\/wp\/v2\/pages\/1096","targetHints":{"allow":["GET"]}}],"collection":[{"href":"https:\/\/lulucirne.com\/es\/wp-json\/wp\/v2\/pages"}],"about":[{"href":"https:\/\/lulucirne.com\/es\/wp-json\/wp\/v2\/types\/page"}],"author":[{"embeddable":true,"href":"https:\/\/lulucirne.com\/es\/wp-json\/wp\/v2\/users\/1"}],"replies":[{"embeddable":true,"href":"https:\/\/lulucirne.com\/es\/wp-json\/wp\/v2\/comments?post=1096"}],"version-history":[{"count":4,"href":"https:\/\/lulucirne.com\/es\/wp-json\/wp\/v2\/pages\/1096\/revisions"}],"predecessor-version":[{"id":1100,"href":"https:\/\/lulucirne.com\/es\/wp-json\/wp\/v2\/pages\/1096\/revisions\/1100"}],"wp:attachment":[{"href":"https:\/\/lulucirne.com\/es\/wp-json\/wp\/v2\/media?parent=1096"}],"curies":[{"name":"wp","href":"https:\/\/api.w.org\/{rel}","templated":true}]}}